{"id":714,"date":"2016-07-18T13:38:18","date_gmt":"2016-07-18T13:38:18","guid":{"rendered":"http:\/\/ksc-law.ch\/fr\/?page_id=714"},"modified":"2016-07-21T13:17:59","modified_gmt":"2016-07-21T13:17:59","slug":"carriere","status":"publish","type":"page","link":"https:\/\/www.kscp-legal.ch\/fr\/carriere\/","title":{"rendered":"Carri\u00e8re"},"content":{"rendered":"<p><!--:de--><\/p>\n<p>Nous vous offrons la possibilit\u00e9 d\u2019int\u00e9grer notre \u00e9quipe de 20 avocats, notaires et juristes. Chez nous, vous apprenez rapidement les strat\u00e9gies de n\u00e9gociation et la tactique du proc\u00e8s aupr\u00e8s de diff\u00e9rents avocats dans des domaines juridiques vari\u00e9s. Vous b\u00e9n\u00e9ficiez ainsi de leur grande exp\u00e9rience ainsi que d\u2019un cadre de travail agr\u00e9able.<\/p>\n<p><!--:--><\/p>\n","protected":false},"excerpt":{"rendered":"<p>Nous vous offrons la possibilit\u00e9 d\u2019int\u00e9grer notre \u00e9quipe de 20 avocats, notaires et juristes. Chez nous, vous apprenez rapidement les strat\u00e9gies de n\u00e9gociation et la tactique du proc\u00e8s aupr\u00e8s de diff\u00e9rents avocats dans des domaines juridiques vari\u00e9s. Vous b\u00e9n\u00e9ficiez ainsi de leur grande exp\u00e9rience ainsi que d\u2019un cadre de travail agr\u00e9able.<\/p>\n","protected":false},"author":1,"featured_media":0,"parent":0,"menu_order":0,"comment_status":"open","ping_status":"open","template":"templates\/karriere.php","meta":{"_acf_changed":false,"footnotes":""},"class_list":["post-714","page","type-page","status-publish","hentry"],"acf":[],"_links":{"self":[{"href":"https:\/\/www.kscp-legal.ch\/fr\/wp-json\/wp\/v2\/pages\/714","targetHints":{"allow":["GET"]}}],"collection":[{"href":"https:\/\/www.kscp-legal.ch\/fr\/wp-json\/wp\/v2\/pages"}],"about":[{"href":"https:\/\/www.kscp-legal.ch\/fr\/wp-json\/wp\/v2\/types\/page"}],"author":[{"embeddable":true,"href":"https:\/\/www.kscp-legal.ch\/fr\/wp-json\/wp\/v2\/users\/1"}],"replies":[{"embeddable":true,"href":"https:\/\/www.kscp-legal.ch\/fr\/wp-json\/wp\/v2\/comments?post=714"}],"version-history":[{"count":3,"href":"https:\/\/www.kscp-legal.ch\/fr\/wp-json\/wp\/v2\/pages\/714\/revisions"}],"predecessor-version":[{"id":821,"href":"https:\/\/www.kscp-legal.ch\/fr\/wp-json\/wp\/v2\/pages\/714\/revisions\/821"}],"wp:attachment":[{"href":"https:\/\/www.kscp-legal.ch\/fr\/wp-json\/wp\/v2\/media?parent=714"}],"curies":[{"name":"wp","href":"https:\/\/api.w.org\/{rel}","templated":true}]}}